{"id":241,"date":"2014-02-24T16:31:49","date_gmt":"2014-02-24T14:31:49","guid":{"rendered":"http:\/\/www.schuetzengilde-hoexter.de\/vierte\/?page_id=241"},"modified":"2024-05-17T10:55:02","modified_gmt":"2024-05-17T08:55:02","slug":"informationen","status":"publish","type":"page","link":"https:\/\/www.schuetzengilde-hoexter.de\/vierte\/informationen\/","title":{"rendered":"Informationen"},"content":{"rendered":"<h2><span style=\"text-decoration: underline\"><strong>Informationen:<\/strong><\/span><\/h2>\n<p>&nbsp;<\/p>\n<ul>\n<li>Wer Mitglied der Vierten werden m\u00f6chte, kann sich gerne jederzeit bei einem der Vorstandsmitglieder melden: <a href=\"https:\/\/www.schuetzengilde-hoexter.de\/vierte\/personalien\/\" target=\"_blank\" rel=\"noopener\">Personalien Vierte<\/a><\/li>\n<\/ul>\n<p>&nbsp;<\/p>\n<ul>\n<li>Fahnen, Autoflaggen, Jacken, Sweatshirts, Poloshirts in verschiedenen Gr\u00f6\u00dfen, etc. sind bei J\u00f6rg M\u00f6nnekes <a href=\"https:\/\/www.schuetzengilde-hoexter.de\/vierte\/personalien\/\" target=\"_blank\" rel=\"noopener\">(Personalien Vierte)<\/a> erh\u00e4ltlich.<\/li>\n<\/ul>\n<p>&nbsp;<\/p>\n<ul>\n<li>Krawattennadeln und Pin`s sind weiterhin beim ReF\u00fc zu bekommen.<\/li>\n<\/ul>\n<p>&nbsp;<\/p>\n<ul>\n<li>Filme der letzten Sch\u00fctzenfeste, wie diesen &#8222;<a href=\"https:\/\/www.youtube.com\/watch?v=xfCK_Sn9bH4\">Festumzug Sonntag 2022<\/a>&#8222;, findet man bei YouTube<\/li>\n<\/ul>\n<p>&nbsp;<\/p>\n<ul>\n<li>Viele tolle Bilder und Filme von unseren Festen findet ihr bei <a href=\"https:\/\/www.dieaktuellekamera-weser.de\/\" target=\"_blank\" rel=\"noopener\">Aktuelle Kamera<\/a><\/li>\n<\/ul>\n<p>&nbsp;<\/p>\n<ul>\n<li>Und nat\u00fcrlich auf unseren <a href=\"https:\/\/www.facebook.com\/schuetzengilde.hoexter.4.kompanie\">Facebook<\/a> und <a href=\"https:\/\/www.instagram.com\/schuetzengildehx_4_kompanie\/\">Instagram<\/a> Seiten!<\/li>\n<\/ul>\n<p>&nbsp;<\/p>\n<ul>\n<li>Und zum \u00dcben des Weserliedes ist hier der <a href=\"http:\/\/www.schuetzengilde-hoexter.de\/vierte\/wp-content\/uploads\/sites\/5\/2014\/04\/weserlied.pdf\">Text<\/a><\/li>\n<\/ul>\n<p>&nbsp;<\/p>\n<p>&nbsp;<\/p>\n<p>&nbsp;<\/p>\n<p>&nbsp;<\/p>\n","protected":false},"excerpt":{"rendered":"<p>Informationen: &nbsp; Wer Mitglied der Vierten werden m\u00f6chte, kann sich gerne jederzeit bei einem der Vorstandsmitglieder melden: Personalien Vierte &nbsp; Fahnen, Autoflaggen, Jacken, Sweatshirts, Poloshirts in verschiedenen Gr\u00f6\u00dfen, etc. sind bei J\u00f6rg M\u00f6nnekes (Personalien Vierte) erh\u00e4ltlich. &nbsp; Krawattennadeln und Pin`s sind weiterhin beim ReF\u00fc zu bekommen. &nbsp; Filme der letzten Sch\u00fctzenfeste, wie diesen &#8222;Festumzug Sonntag [&hellip;]<\/p>\n","protected":false},"author":1,"featured_media":0,"parent":0,"menu_order":5,"comment_status":"open","ping_status":"open","template":"","meta":{"ngg_post_thumbnail":0,"footnotes":""},"class_list":["post-241","page","type-page","status-publish","hentry"],"_links":{"self":[{"href":"https:\/\/www.schuetzengilde-hoexter.de\/vierte\/wp-json\/wp\/v2\/pages\/241","targetHints":{"allow":["GET"]}}],"collection":[{"href":"https:\/\/www.schuetzengilde-hoexter.de\/vierte\/wp-json\/wp\/v2\/pages"}],"about":[{"href":"https:\/\/www.schuetzengilde-hoexter.de\/vierte\/wp-json\/wp\/v2\/types\/page"}],"author":[{"embeddable":true,"href":"https:\/\/www.schuetzengilde-hoexter.de\/vierte\/wp-json\/wp\/v2\/users\/1"}],"replies":[{"embeddable":true,"href":"https:\/\/www.schuetzengilde-hoexter.de\/vierte\/wp-json\/wp\/v2\/comments?post=241"}],"version-history":[{"count":0,"href":"https:\/\/www.schuetzengilde-hoexter.de\/vierte\/wp-json\/wp\/v2\/pages\/241\/revisions"}],"wp:attachment":[{"href":"https:\/\/www.schuetzengilde-hoexter.de\/vierte\/wp-json\/wp\/v2\/media?parent=241"}],"curies":[{"name":"wp","href":"https:\/\/api.w.org\/{rel}","templated":true}]}}