{"id":694,"date":"2014-09-09T10:37:03","date_gmt":"2014-09-09T08:37:03","guid":{"rendered":"http:\/\/www.schuetzengilde-hoexter.de\/erste\/?page_id=694"},"modified":"2026-02-01T17:09:46","modified_gmt":"2026-02-01T15:09:46","slug":"schuetzen-koenigsscheibe","status":"publish","type":"page","link":"https:\/\/www.schuetzengilde-hoexter.de\/erste\/geschichte\/schuetzen-koenigsscheibe\/","title":{"rendered":"Sch\u00fctzen K\u00f6nigsscheibe"},"content":{"rendered":"<p><strong>F\u00fcr die Erste Kompanie gingen folgende Mitglieder in den Wettstreit um die K\u00f6nigsscheibe:<\/strong><br \/>\n&nbsp;<br \/>\n2024 &nbsp;&nbsp;&nbsp;&nbsp;&nbsp;&nbsp;&nbsp;&nbsp;&nbsp; Reinhold Fahle, Elmar Baumhauer und Marcel Nieh\u00f6rster<br \/>\n2022 &nbsp;&nbsp;&nbsp;&nbsp;&nbsp;&nbsp;&nbsp;&nbsp;&nbsp; Michael M\u00fchlen, Dieter Kuhlebrock und Udo Freise<br \/>\n2020 &nbsp;&nbsp;&nbsp;&nbsp;&nbsp;&nbsp;&nbsp;&nbsp;&nbsp; kein Sch\u00fctzenfest (Corona)<br \/>\n2018 &nbsp;&nbsp;&nbsp;&nbsp;&nbsp;&nbsp;&nbsp;&nbsp;&nbsp; Joachim Steinsiek, Detlef Kern und Thorsten Thadewald<br \/>\n2016 &nbsp;&nbsp;&nbsp;&nbsp;&nbsp;&nbsp;&nbsp;&nbsp;&nbsp; Axel Kochnis, Werner Z\u00fchlke und Hans-Ulrich Zayc<br \/>\n2014 &nbsp;&nbsp;&nbsp;&nbsp;&nbsp;&nbsp;&nbsp;&nbsp;&nbsp; Reinhold Fahle, Peter Gronemeyer und Norbert Leusmann<br \/>\n2012 &nbsp;&nbsp;&nbsp;&nbsp;&nbsp;&nbsp;&nbsp;&nbsp;&nbsp; Hartmut Czerwonka, Herbert Kaliski und Wilfried Kremeyer<br \/>\n2010 &nbsp;&nbsp;&nbsp;&nbsp;&nbsp;&nbsp;&nbsp;&nbsp;&nbsp; Elmar Baumhauer, Sascha Stankowski und Roland Weisbender (Sch\u00fctzenk\u00f6nig)<br \/>\n2008 &nbsp;&nbsp;&nbsp;&nbsp;&nbsp;&nbsp;&nbsp;&nbsp;&nbsp; Hartmut Czerwonka, Torsten Weisbender und Frank Zimmermann<br \/>\n2006 &nbsp;&nbsp;&nbsp;&nbsp;&nbsp;&nbsp;&nbsp;&nbsp;&nbsp; Dieter Kuhlebrock, Michael M\u00fchlen und J\u00f6rg Werner<br \/>\n2004 &nbsp;&nbsp;&nbsp;&nbsp;&nbsp;&nbsp;&nbsp;&nbsp;&nbsp; Wolfgang Ansbach, Udo Freise und Manfred Jouliet (Sch\u00fctzenk\u00f6nig)<br \/>\n2002 &nbsp;&nbsp;&nbsp;&nbsp;&nbsp;&nbsp;&nbsp;&nbsp;&nbsp; Hartmut Czerwonka, Udo Freise und Manfred Jouliet<br \/>\n2000 &nbsp;&nbsp;&nbsp;&nbsp;&nbsp;&nbsp;&nbsp;&nbsp;&nbsp; Hartmut Czerwonka, Udo Freise und Frank K\u00fcppers<br \/>\n1998 &nbsp;&nbsp;&nbsp;&nbsp;&nbsp;&nbsp;&nbsp;&nbsp;&nbsp; Gerhard Hassenewerd, G\u00fcnter Mante und Sascha Stankowski<br \/>\n1995 &nbsp;&nbsp;&nbsp;&nbsp;&nbsp;&nbsp;&nbsp;&nbsp;&nbsp; Hans Holter, G\u00fcnter Mante und Sascha Stankowski<br \/>\n1992 &nbsp;&nbsp;&nbsp;&nbsp;&nbsp;&nbsp;&nbsp;&nbsp;&nbsp; Roland Weisbender, Horst-Hermann Bitterberg und Wolfgang Funck<br \/>\n1990 &nbsp;&nbsp;&nbsp;&nbsp;&nbsp;&nbsp;&nbsp;&nbsp;&nbsp; Horst-Hermann Bitterberg, Hans Holter und Friedel Wolf (Sch\u00fctzenk\u00f6nig)<br \/>\n1988 &nbsp;&nbsp;&nbsp;&nbsp;&nbsp;&nbsp;&nbsp;&nbsp;&nbsp; Uwe Bald, Udo Freise und G\u00fcnter Mante<br \/>\n1986 &nbsp;&nbsp;&nbsp;&nbsp;&nbsp;&nbsp;&nbsp;&nbsp;&nbsp; Willi Homburg, Ewald Homeier und Heinrich Markus<br \/>\n1984 &nbsp;&nbsp;&nbsp;&nbsp;&nbsp;&nbsp;&nbsp;&nbsp;&nbsp; Dieter Baumgarten, Ewald Hohmeier und Herman Feistel<br \/>\n1982 &nbsp;&nbsp;&nbsp;&nbsp;&nbsp;&nbsp;&nbsp;&nbsp;&nbsp; Werner Gartenschl\u00e4ger, Ewald Homeier und Friedrich Wilhelm Schmitz<br \/>\n1980<br \/>\n1978 &nbsp;&nbsp;&nbsp;&nbsp;&nbsp;&nbsp;&nbsp;&nbsp;&nbsp; Willi Bald (Sch\u00fctzenk\u00f6nig), Bernhard K\u00f6ster und Hasso Schmidt<br \/>\n&#8230;<\/p>\n","protected":false},"excerpt":{"rendered":"<p>F\u00fcr die Erste Kompanie gingen folgende Mitglieder in den Wettstreit um die K\u00f6nigsscheibe: &nbsp; 2024 &nbsp;&nbsp;&nbsp;&nbsp;&nbsp;&nbsp;&nbsp;&nbsp;&nbsp; Reinhold Fahle, Elmar Baumhauer und Marcel Nieh\u00f6rster 2022 &nbsp;&nbsp;&nbsp;&nbsp;&nbsp;&nbsp;&nbsp;&nbsp;&nbsp; Michael M\u00fchlen, Dieter Kuhlebrock und Udo Freise 2020 &nbsp;&nbsp;&nbsp;&nbsp;&nbsp;&nbsp;&nbsp;&nbsp;&nbsp; kein Sch\u00fctzenfest (Corona) 2018 &nbsp;&nbsp;&nbsp;&nbsp;&nbsp;&nbsp;&nbsp;&nbsp;&nbsp; Joachim Steinsiek, Detlef Kern und Thorsten Thadewald 2016 &nbsp;&nbsp;&nbsp;&nbsp;&nbsp;&nbsp;&nbsp;&nbsp;&nbsp; Axel Kochnis, Werner Z\u00fchlke und Hans-Ulrich Zayc [&hellip;]<\/p>\n","protected":false},"author":9,"featured_media":0,"parent":2,"menu_order":12,"comment_status":"open","ping_status":"open","template":"","meta":{"ngg_post_thumbnail":0,"footnotes":""},"class_list":["post-694","page","type-page","status-publish","hentry"],"_links":{"self":[{"href":"https:\/\/www.schuetzengilde-hoexter.de\/erste\/wp-json\/wp\/v2\/pages\/694","targetHints":{"allow":["GET"]}}],"collection":[{"href":"https:\/\/www.schuetzengilde-hoexter.de\/erste\/wp-json\/wp\/v2\/pages"}],"about":[{"href":"https:\/\/www.schuetzengilde-hoexter.de\/erste\/wp-json\/wp\/v2\/types\/page"}],"author":[{"embeddable":true,"href":"https:\/\/www.schuetzengilde-hoexter.de\/erste\/wp-json\/wp\/v2\/users\/9"}],"replies":[{"embeddable":true,"href":"https:\/\/www.schuetzengilde-hoexter.de\/erste\/wp-json\/wp\/v2\/comments?post=694"}],"version-history":[{"count":3,"href":"https:\/\/www.schuetzengilde-hoexter.de\/erste\/wp-json\/wp\/v2\/pages\/694\/revisions"}],"predecessor-version":[{"id":6576,"href":"https:\/\/www.schuetzengilde-hoexter.de\/erste\/wp-json\/wp\/v2\/pages\/694\/revisions\/6576"}],"up":[{"embeddable":true,"href":"https:\/\/www.schuetzengilde-hoexter.de\/erste\/wp-json\/wp\/v2\/pages\/2"}],"wp:attachment":[{"href":"https:\/\/www.schuetzengilde-hoexter.de\/erste\/wp-json\/wp\/v2\/media?parent=694"}],"curies":[{"name":"wp","href":"https:\/\/api.w.org\/{rel}","templated":true}]}}