{"id":663,"date":"2014-09-08T14:10:15","date_gmt":"2014-09-08T12:10:15","guid":{"rendered":"http:\/\/www.schuetzengilde-hoexter.de\/erste\/?page_id=663"},"modified":"2026-02-01T17:11:05","modified_gmt":"2026-02-01T15:11:05","slug":"gruenkohlkoenige","status":"publish","type":"page","link":"https:\/\/www.schuetzengilde-hoexter.de\/erste\/geschichte\/gruenkohlkoenige\/","title":{"rendered":"Gr\u00fcnkohlk\u00f6nige"},"content":{"rendered":"<p>Der Gr\u00fcnkohlk\u00f6nig der 1. Kompanie wird jeweils im Winter im Rahmen des Gr\u00fcnkohlessens ermittelt. Bis 2016 wurden die besten Sch\u00fctzen der vergangenen Schie\u00dfsaison in 3 Lostrommeln gegeben und daraus wurde der Gr\u00fcnkohlk\u00f6nig und die Kronprinzen ermittelt. Seit 2016 bereiten die Unteroffiziere einen spannenden Spielabend vor, bei dem der neue Gr\u00fcnkohlk\u00f6nig und die Kronprinzen ermittelt werden. Erstmalig hat die Erste seit 2022 auch eine Gr\u00fcnkohlk\u00f6nigin.<br \/>\n&nbsp;<br \/>\n<strong>Die Ehren des Gr\u00fcnkohlk\u00f6nigs und der Gr\u00fcnkohlk\u00f6nigin trugen:<\/strong><br \/>\n&nbsp;<br \/>\n2025 &nbsp;&nbsp;&nbsp;&nbsp; Marius Flotho und Martina Hagedorn<br \/>\n2024 &nbsp;&nbsp;&nbsp;&nbsp; Hartmut Czerwonka und Edeltraud Hassenewerd<br \/>\n2023 &nbsp;&nbsp;&nbsp;&nbsp; Sascha Stankowski und Michaela Bast<br \/>\n2022 &nbsp;&nbsp;&nbsp;&nbsp; Holger Wennemann und Ramona M\u00fcnster<br \/>\n2020 &nbsp;&nbsp;&nbsp;&nbsp; Frank Hassenewerd<br \/>\n2019 &nbsp;&nbsp;&nbsp;&nbsp; Michael Dams<br \/>\n2018 &nbsp;&nbsp;&nbsp;&nbsp; Sascha Stankowski<br \/>\n2017 &nbsp;&nbsp;&nbsp;&nbsp; Udo Freise<br \/>\n2016 &nbsp;&nbsp;&nbsp;&nbsp; Wilfried Kremeyer<br \/>\n2014 &nbsp;&nbsp;&nbsp;&nbsp; Hans-Ulrich Zayc <a href=\"http:\/\/www.schuetzengilde-hoexter.de\/erste\/wp-content\/uploads\/sites\/2\/2014\/03\/sam_0872a.jpg\">Foto<\/a><br \/>\n2013 &nbsp;&nbsp;&nbsp;&nbsp; Torsten Weisbender<br \/>\n2012 &nbsp;&nbsp;&nbsp;&nbsp; Sascha Stankowski<br \/>\n2010 &nbsp;&nbsp;&nbsp;&nbsp; Sascha Stankowski<br \/>\n2009 &nbsp;&nbsp;&nbsp;&nbsp; Stephan Czerwonka<br \/>\n2008 &nbsp;&nbsp;&nbsp;&nbsp; Peter Gronemeyer<br \/>\n2007 &nbsp;&nbsp;&nbsp;&nbsp; Klaus Hanker<br \/>\n2006 &nbsp;&nbsp;&nbsp;&nbsp; Sascha Stankowski<br \/>\n2005 &nbsp;&nbsp;&nbsp;&nbsp; Hartmut Czerwonka<br \/>\n2004 &nbsp;&nbsp;&nbsp;&nbsp; Reinhold Fahle<br \/>\n2003 &nbsp;&nbsp;&nbsp;&nbsp; Manfred Roth<br \/>\n2002 &nbsp;&nbsp;&nbsp;&nbsp; Friedel Wolf<br \/>\n2001 &nbsp;&nbsp;&nbsp;&nbsp; Hartmut Czerwonka<br \/>\n2000 &nbsp;&nbsp;&nbsp;&nbsp; Herbert Kaliski<br \/>\n1999 &nbsp;&nbsp;&nbsp;&nbsp; Sascha Stankowski<br \/>\n1997 &nbsp;&nbsp;&nbsp;&nbsp; Gerhard Hassenewerd<br \/>\n1996 &nbsp;&nbsp;&nbsp;&nbsp; Joachim Steinsick<br \/>\n1995 &nbsp;&nbsp;&nbsp;&nbsp; G\u00fcnter Mante<br \/>\n1994 &nbsp;&nbsp;&nbsp;&nbsp; G\u00fcnter Mante<br \/>\n1993 &nbsp;&nbsp;&nbsp;&nbsp; Willi Bald<br \/>\n1992 &nbsp;&nbsp;&nbsp;&nbsp; Karl H\u00f6hl<br \/>\n1991 &nbsp;&nbsp;&nbsp;&nbsp; Manfred Jouliet<br \/>\n1990 &nbsp;&nbsp;&nbsp;&nbsp; K.H. Nolting<br \/>\n1989 &nbsp;&nbsp;&nbsp;&nbsp; Manfred Roth<br \/>\n1988 &nbsp;&nbsp;&nbsp;&nbsp; Friedrich Wilhelm Schmitz<br \/>\n1987 &nbsp;&nbsp;&nbsp;&nbsp; Friedel Wolf<\/p>\n","protected":false},"excerpt":{"rendered":"<p>Der Gr\u00fcnkohlk\u00f6nig der 1. Kompanie wird jeweils im Winter im Rahmen des Gr\u00fcnkohlessens ermittelt. Bis 2016 wurden die besten Sch\u00fctzen der vergangenen Schie\u00dfsaison in 3 Lostrommeln gegeben und daraus wurde der Gr\u00fcnkohlk\u00f6nig und die Kronprinzen ermittelt. Seit 2016 bereiten die Unteroffiziere einen spannenden Spielabend vor, bei dem der neue Gr\u00fcnkohlk\u00f6nig und die Kronprinzen ermittelt werden. [&hellip;]<\/p>\n","protected":false},"author":9,"featured_media":0,"parent":2,"menu_order":5,"comment_status":"open","ping_status":"open","template":"","meta":{"ngg_post_thumbnail":0,"footnotes":""},"class_list":["post-663","page","type-page","status-publish","hentry"],"_links":{"self":[{"href":"https:\/\/www.schuetzengilde-hoexter.de\/erste\/wp-json\/wp\/v2\/pages\/663","targetHints":{"allow":["GET"]}}],"collection":[{"href":"https:\/\/www.schuetzengilde-hoexter.de\/erste\/wp-json\/wp\/v2\/pages"}],"about":[{"href":"https:\/\/www.schuetzengilde-hoexter.de\/erste\/wp-json\/wp\/v2\/types\/page"}],"author":[{"embeddable":true,"href":"https:\/\/www.schuetzengilde-hoexter.de\/erste\/wp-json\/wp\/v2\/users\/9"}],"replies":[{"embeddable":true,"href":"https:\/\/www.schuetzengilde-hoexter.de\/erste\/wp-json\/wp\/v2\/comments?post=663"}],"version-history":[{"count":6,"href":"https:\/\/www.schuetzengilde-hoexter.de\/erste\/wp-json\/wp\/v2\/pages\/663\/revisions"}],"predecessor-version":[{"id":6568,"href":"https:\/\/www.schuetzengilde-hoexter.de\/erste\/wp-json\/wp\/v2\/pages\/663\/revisions\/6568"}],"up":[{"embeddable":true,"href":"https:\/\/www.schuetzengilde-hoexter.de\/erste\/wp-json\/wp\/v2\/pages\/2"}],"wp:attachment":[{"href":"https:\/\/www.schuetzengilde-hoexter.de\/erste\/wp-json\/wp\/v2\/media?parent=663"}],"curies":[{"name":"wp","href":"https:\/\/api.w.org\/{rel}","templated":true}]}}