{"id":2408,"date":"2014-12-31T18:00:41","date_gmt":"2014-12-31T16:00:41","guid":{"rendered":"http:\/\/www.schuetzengilde-hoexter.de\/erste\/?page_id=2408"},"modified":"2026-02-01T17:09:03","modified_gmt":"2026-02-01T15:09:03","slug":"verdienstorden-1-kompanie","status":"publish","type":"page","link":"https:\/\/www.schuetzengilde-hoexter.de\/erste\/geschichte\/verdienstorden-1-kompanie\/","title":{"rendered":"Verdienstorden 1. Kompanie"},"content":{"rendered":"<p>Zum 400 j\u00e4hrigen Jubil\u00e4um der Sch\u00fctzengilde H\u00f6xter von 1595 verlieh Hauptmann Roland Weisbender erstmals verdienten Mitgliedern der Ersten Kompanie den \u201eVerdienstorden der Ersten\u201c. Im Laufe der Zeit wurden weitere Mitglieder geehrt:<\/p>\n<p>&nbsp;<br \/>\n<em>1995<\/em><br \/>\nWilli Brinkmann<br \/>\nFriedhelm Hartmann<br \/>\nHelmut Hellwig<br \/>\nManfred Jouliet<br \/>\nFriedrich Wilhelm Schmitz<br \/>\nHorst Stankowski<br \/>\n&nbsp;<br \/>\n<em>2008<\/em><br \/>\nBernhard Wozniak<br \/>\n&nbsp;<br \/>\n<em>2009<\/em><br \/>\nWolfgang Ansbach<br \/>\nHelmut Hellwig<br \/>\nHorst Stankowski<br \/>\n&nbsp;<br \/>\n<em>2023<\/em><br \/>\nReinhold Fahle<br \/>\nMichael M\u00fchlen<\/p>\n","protected":false},"excerpt":{"rendered":"<p>Zum 400 j\u00e4hrigen Jubil\u00e4um der Sch\u00fctzengilde H\u00f6xter von 1595 verlieh Hauptmann Roland Weisbender erstmals verdienten Mitgliedern der Ersten Kompanie den \u201eVerdienstorden der Ersten\u201c. Im Laufe der Zeit wurden weitere Mitglieder geehrt: &nbsp; 1995 Willi Brinkmann Friedhelm Hartmann Helmut Hellwig Manfred Jouliet Friedrich Wilhelm Schmitz Horst Stankowski &nbsp; 2008 Bernhard Wozniak &nbsp; 2009 Wolfgang Ansbach Helmut [&hellip;]<\/p>\n","protected":false},"author":6,"featured_media":0,"parent":2,"menu_order":15,"comment_status":"open","ping_status":"open","template":"","meta":{"ngg_post_thumbnail":0,"footnotes":""},"class_list":["post-2408","page","type-page","status-publish","hentry"],"_links":{"self":[{"href":"https:\/\/www.schuetzengilde-hoexter.de\/erste\/wp-json\/wp\/v2\/pages\/2408","targetHints":{"allow":["GET"]}}],"collection":[{"href":"https:\/\/www.schuetzengilde-hoexter.de\/erste\/wp-json\/wp\/v2\/pages"}],"about":[{"href":"https:\/\/www.schuetzengilde-hoexter.de\/erste\/wp-json\/wp\/v2\/types\/page"}],"author":[{"embeddable":true,"href":"https:\/\/www.schuetzengilde-hoexter.de\/erste\/wp-json\/wp\/v2\/users\/6"}],"replies":[{"embeddable":true,"href":"https:\/\/www.schuetzengilde-hoexter.de\/erste\/wp-json\/wp\/v2\/comments?post=2408"}],"version-history":[{"count":2,"href":"https:\/\/www.schuetzengilde-hoexter.de\/erste\/wp-json\/wp\/v2\/pages\/2408\/revisions"}],"predecessor-version":[{"id":6584,"href":"https:\/\/www.schuetzengilde-hoexter.de\/erste\/wp-json\/wp\/v2\/pages\/2408\/revisions\/6584"}],"up":[{"embeddable":true,"href":"https:\/\/www.schuetzengilde-hoexter.de\/erste\/wp-json\/wp\/v2\/pages\/2"}],"wp:attachment":[{"href":"https:\/\/www.schuetzengilde-hoexter.de\/erste\/wp-json\/wp\/v2\/media?parent=2408"}],"curies":[{"name":"wp","href":"https:\/\/api.w.org\/{rel}","templated":true}]}}