{"id":2,"date":"2014-03-08T09:10:21","date_gmt":"2014-03-08T07:10:21","guid":{"rendered":"http:\/\/www.schuetzengilde-hoexter.de\/erste\/?page_id=2"},"modified":"2023-09-29T20:27:16","modified_gmt":"2023-09-29T18:27:16","slug":"geschichte","status":"publish","type":"page","link":"https:\/\/www.schuetzengilde-hoexter.de\/erste\/geschichte\/","title":{"rendered":"Geschichte"},"content":{"rendered":"<p>Das Quartier der <strong>Ersten Kompanie<\/strong> ist das Stummrigeviertel und liegt s\u00fcdlich der Westerbach- und Weserstra\u00dfe in Richtung Stummrigetor. Als nach dem zweiten Weltkrieg am Hang des Ziegenberges eine rege Baut\u00e4tigkeit einsetzte und die Stadt sich erweiterte, wurde dieses Gebiet der Ersten Kompanie zugeordnet. Hier weht die Fahne unserer Kompanie mit dem Tillyhaus auf blauem Grund, und wenn wir marschieren, ziert die blaue Kornblume als friedliches Symbol den Lauf unserer h\u00f6lzernen Gewehre.<br \/>\n&nbsp;<br \/>\nDie Kompaniefarbe ist <span style=\"color: #0000ff\"><strong>blau<\/strong><\/span> und ihre Farbe ziert als erste Farbe auch die Sch\u00e4rpen des Bataillonsstabes und der Majest\u00e4ten.<br \/>\n&nbsp;<br \/>\nMit den Ortschaften Bruchhausen, Godelheim und Ottbergen pflegt die Erste Kompanie innige Patenschaften. Kompanielokal ist das Paulaner Wirtshaus (ehemals Landsknecht) in der Stummrigestr. 17.<br \/>\n&nbsp;<br \/>\nWie in den anderen Kompanien r\u00fchrten sich 1950 Kr\u00e4fte mit dem Bem\u00fchen, das Sch\u00fctzenwesen zu beleben. Der erste Hauptmann und Kompaniechef war von 1951-63 Friedel Freise. Und da wir in der Ersten schon immer etwas Besonderes waren, feierten wir 1951 unser kompanieeigenes kleines Sch\u00fctzenfest. K\u00f6nig wurde Richard Rogalski, er erw\u00e4hlte Lieschen Schaperdoth zu seiner K\u00f6nigin.<br \/>\n&nbsp;<br \/>\nAls Rechnungsf\u00fchrer wurde 1951 Hermann Kuhlebrock und als Spie\u00df, die <i>Mutter der Kompanie<\/i> Ludwig Koch gew\u00e4hlt.<br \/>\n&nbsp;<br \/>\n<em><strong>&#8222;Was einer liebt, das beginnt er auch zu verstehen!&#8220;<\/strong><\/em> Getreu diesem Motto bem\u00fcht sich die Kompanie nicht nur, die Tradition zu pflegen, sondern auch durch eine Vielzahl von Aktivit\u00e4ten jung zu bleiben und immer wieder neue B\u00fcrger f\u00fcr die Ideen und Ziele des Sch\u00fctzenwesens zu begeistern. Bei regelm\u00e4\u00dfigen Wanderungen gelingt es, freundschaftliche Verbindungen zu kn\u00fcpfen. Schie\u00dfsportbegeisterte treffen sich in der Jugend- oder der Damenschie\u00dfgruppe.<br \/>\n&nbsp;<br \/>\nSeit 1951 stellt die Erste Kompanie ununterbrochen einen der beiden Hellebardentr\u00e4ger.<br \/>\n&nbsp;<br \/>\n<span style=\"text-decoration: underline\"><strong>Die K\u00f6nigsw\u00fcrde errangen in der ersten Kompanie:<\/strong><\/span><br \/>\n2022 \u2013 2024 &nbsp;&nbsp;&nbsp;&nbsp; Dieter Kuhlebrock und Martina Kuhlebrock<br \/>\n2010 \u2013 2012 &nbsp;&nbsp;&nbsp;&nbsp; Roland Weisbender und Hildegunde Weisbender<br \/>\n2004 \u2013 2006 &nbsp;&nbsp;&nbsp;&nbsp; Manfred Jouliet und Anne Wefer<br \/>\n1990 \u2013 1992 &nbsp;&nbsp;&nbsp;&nbsp; Friedel Wolf mit Marianne Degen<br \/>\n1978 \u2013 1980 &nbsp;&nbsp;&nbsp;&nbsp; Willi Bald mit Mia Bitterberg<br \/>\n1970 \u2013 1972 &nbsp;&nbsp;&nbsp;&nbsp; Werner Gr\u00e4f mit Constanze Brinkmann<br \/>\n1965 \u2013 1967 &nbsp;&nbsp;&nbsp;&nbsp; Karl Redeker mit Jutta Edle von L\u00f6w<br \/>\n1957 \u2013 1959 &nbsp;&nbsp;&nbsp;&nbsp; Carl K\u00f6ster mit Elsa Hirschmann<br \/>\n&nbsp;<br \/>\n1951 Richard Rogalski und Elise Luise (Lieschen) Schaperdot<br \/>\n&nbsp;<br \/>\nKeine Feste w\u00e4hrend der Kriegs- und Nachkriegsjahre<br \/>\n&nbsp;<br \/>\n1929 &nbsp;&nbsp;&nbsp;&nbsp;&nbsp;&nbsp;&nbsp;&nbsp;&nbsp;&nbsp;&nbsp;&nbsp;&nbsp;&nbsp;&nbsp;&nbsp; Fritz Keuneke und Emma Bolte<br \/>\n1927 &nbsp;&nbsp;&nbsp;&nbsp;&nbsp;&nbsp;&nbsp;&nbsp;&nbsp;&nbsp;&nbsp;&nbsp;&nbsp;&nbsp;&nbsp;&nbsp; Karl K\u00f6ster sen. und Frau Krekeler<br \/>\n1922 &nbsp;&nbsp;&nbsp;&nbsp;&nbsp;&nbsp;&nbsp;&nbsp;&nbsp;&nbsp;&nbsp;&nbsp;&nbsp;&nbsp;&nbsp;&nbsp; Ernst Flotho und Frau Thedieck<br \/>\n1892 &nbsp;&nbsp;&nbsp;&nbsp;&nbsp;&nbsp;&nbsp;&nbsp;&nbsp;&nbsp;&nbsp;&nbsp;&nbsp;&nbsp;&nbsp;&nbsp; Friedrich Freise und Lieschen Schwiete<br \/>\n1887 &nbsp;&nbsp;&nbsp;&nbsp;&nbsp;&nbsp;&nbsp;&nbsp;&nbsp;&nbsp;&nbsp;&nbsp;&nbsp;&nbsp;&nbsp;&nbsp; Wilhelm Brinkmann und Frau Apotheker Rancke<br \/>\n1885 &nbsp;&nbsp;&nbsp;&nbsp;&nbsp;&nbsp;&nbsp;&nbsp;&nbsp;&nbsp;&nbsp;&nbsp;&nbsp;&nbsp;&nbsp;&nbsp; Julius K\u00f6ster und Frau Thedieck<br \/>\n&nbsp;<br \/>\n<span style=\"text-decoration: underline\"><strong>Die Kompaniechefs seit 1951 waren:<\/strong><\/span><\/p>\n<p>seit 2023&nbsp; &nbsp; &nbsp; &nbsp; &nbsp; &nbsp;Sascha Stankowski&nbsp;<\/p>\n<p>2015 &#8211; 2023&nbsp; &nbsp; &nbsp; &nbsp;Reinhold Fahle<br \/>\n2009 \u2013 2015 &nbsp;&nbsp;&nbsp;&nbsp; Frank Zimmermann<br \/>\n1995 \u2013 2009 &nbsp;&nbsp;&nbsp;&nbsp; Manfred Jouliet<br \/>\n1990 \u2013 1995 &nbsp;&nbsp;&nbsp;&nbsp; Roland Weisbender<br \/>\n1979 \u2013 1990 &nbsp;&nbsp;&nbsp;&nbsp; Willi Bald<br \/>\n1976 \u2013 1979 &nbsp;&nbsp;&nbsp;&nbsp; Heinrich Markus<br \/>\n1974 \u2013 1976 &nbsp;&nbsp;&nbsp;&nbsp; Willi Homburg<br \/>\n1963 \u2013 1974 &nbsp;&nbsp;&nbsp;&nbsp; Erich Hennigs<br \/>\n1951 \u2013 1963 &nbsp;&nbsp;&nbsp;&nbsp; Friedel Freise.<br \/>\n&nbsp;<br \/>\n<span style=\"text-decoration: underline\"><strong>Als Kompanierechnungsf\u00fchrer fungierten seit 1951:<\/strong><\/span><br \/>\nseit 2021 &nbsp;&nbsp;&nbsp;&nbsp;&nbsp;&nbsp;&nbsp;&nbsp;&nbsp; Volker Jegust<br \/>\n2011 \u2013 2021 &nbsp;&nbsp;&nbsp;&nbsp; Detlef Dieter Kern<br \/>\n2009 \u2013 2011 &nbsp;&nbsp;&nbsp;&nbsp; Sascha Stankowski<br \/>\n1992 \u2013 2009 &nbsp;&nbsp;&nbsp;&nbsp; Wolfgang Ansbach<br \/>\n1986 \u2013 1992 &nbsp;&nbsp;&nbsp;&nbsp; Horst Stankowski<br \/>\n1956 \u2013 1986 &nbsp;&nbsp;&nbsp;&nbsp; Willi Haewecker<br \/>\n1951 \u2013 1956 &nbsp;&nbsp;&nbsp;&nbsp; Hermann Kuhlebrock.<br \/>\n&nbsp;<br \/>\n<span style=\"text-decoration: underline\"><strong>Mutter der Kompanie waren seit 1951:<\/strong><\/span><br \/>\nseit 2020 &nbsp;&nbsp;&nbsp;&nbsp;&nbsp;&nbsp;&nbsp;&nbsp;&nbsp; Torsten Kruppe<br \/>\n2010 \u2013 2020 &nbsp;&nbsp;&nbsp;&nbsp; Elmar Baumhauer<br \/>\n2009 \u2013 2010 &nbsp;&nbsp;&nbsp;&nbsp; G\u00fcnter Frost<br \/>\n1984 \u2013 2009 &nbsp;&nbsp;&nbsp;&nbsp; Helmut Hellwig<br \/>\n1978 \u2013 1984 &nbsp;&nbsp;&nbsp;&nbsp; Hermann Feistel<br \/>\n1956 \u2013 1978 &nbsp;&nbsp;&nbsp;&nbsp; Willi Bald<br \/>\n1951 \u2013 1956 &nbsp;&nbsp;&nbsp;&nbsp; Ludwig Koch.<br \/>\n&nbsp;<br \/>\nDie erste Kompanie wird auch in Zukunft bem\u00fcht sein, ihre vielf\u00e4ltigen Aktivit\u00e4ten zu erhalten und auszubauen. Ein weiteres Ziel ist es, durch gute Schie\u00dfleistungen die Liste der K\u00f6nige schon bald fortschreiben zu k\u00f6nnen.<\/p>\n","protected":false},"excerpt":{"rendered":"<p>Das Quartier der Ersten Kompanie ist das Stummrigeviertel und liegt s\u00fcdlich der Westerbach- und Weserstra\u00dfe in Richtung Stummrigetor. Als nach dem zweiten Weltkrieg am Hang des Ziegenberges eine rege Baut\u00e4tigkeit einsetzte und die Stadt sich erweiterte, wurde dieses Gebiet der Ersten Kompanie zugeordnet. Hier weht die Fahne unserer Kompanie mit dem Tillyhaus auf blauem Grund, [&hellip;]<\/p>\n","protected":false},"author":1,"featured_media":0,"parent":0,"menu_order":1,"comment_status":"open","ping_status":"open","template":"","meta":{"ngg_post_thumbnail":0,"footnotes":""},"class_list":["post-2","page","type-page","status-publish","hentry"],"_links":{"self":[{"href":"https:\/\/www.schuetzengilde-hoexter.de\/erste\/wp-json\/wp\/v2\/pages\/2","targetHints":{"allow":["GET"]}}],"collection":[{"href":"https:\/\/www.schuetzengilde-hoexter.de\/erste\/wp-json\/wp\/v2\/pages"}],"about":[{"href":"https:\/\/www.schuetzengilde-hoexter.de\/erste\/wp-json\/wp\/v2\/types\/page"}],"author":[{"embeddable":true,"href":"https:\/\/www.schuetzengilde-hoexter.de\/erste\/wp-json\/wp\/v2\/users\/1"}],"replies":[{"embeddable":true,"href":"https:\/\/www.schuetzengilde-hoexter.de\/erste\/wp-json\/wp\/v2\/comments?post=2"}],"version-history":[{"count":0,"href":"https:\/\/www.schuetzengilde-hoexter.de\/erste\/wp-json\/wp\/v2\/pages\/2\/revisions"}],"wp:attachment":[{"href":"https:\/\/www.schuetzengilde-hoexter.de\/erste\/wp-json\/wp\/v2\/media?parent=2"}],"curies":[{"name":"wp","href":"https:\/\/api.w.org\/{rel}","templated":true}]}}